{"id":21165,"date":"2026-02-03T07:53:13","date_gmt":"2026-02-03T07:53:13","guid":{"rendered":"https:\/\/aprem-e.org\/?page_id=21165"},"modified":"2026-02-03T08:09:10","modified_gmt":"2026-02-03T08:09:10","slug":"acerca-de-la-prematuridad","status":"publish","type":"page","link":"https:\/\/aprem-e.org\/index.php\/acerca-de-la-prematuridad\/","title":{"rendered":"Acerca de la prematuridad"},"content":{"rendered":"\t\t<div data-elementor-type=\"wp-page\" data-elementor-id=\"21165\" class=\"elementor elementor-21165\" data-elementor-post-type=\"page\">\n\t\t\t\t<div class=\"elementor-element elementor-element-7c8eb224 e-flex e-con-boxed e-con e-parent\" data-id=\"7c8eb224\" data-element_type=\"container\" data-e-type=\"container\">\n\t\t\t\t\t<div class=\"e-con-inner\">\n\t\t<div class=\"elementor-element elementor-element-276ba75a e-con-full e-flex e-con e-child\" data-id=\"276ba75a\" data-element_type=\"container\" data-e-type=\"container\">\n\t\t\t\t<div class=\"elementor-element elementor-element-42775367 elementor-widget elementor-widget-heading\" data-id=\"42775367\" data-element_type=\"widget\" data-e-type=\"widget\" data-widget_type=\"heading.default\">\n\t\t\t\t\t<h2 class=\"elementor-heading-title elementor-size-default\">Acerca de la prematuridad<\/h2>\t\t\t\t<\/div>\n\t\t\t\t<div class=\"elementor-element elementor-element-31bb8912 elementor-widget__width-initial elementor-widget elementor-widget-text-editor\" data-id=\"31bb8912\" data-element_type=\"widget\" data-e-type=\"widget\" data-widget_type=\"text-editor.default\">\n\t\t\t\t\t\t\t\t\t<p><span style=\"font-weight: 400;\">Es normal tener dudas sobre muchos temas relacionados con vuestros beb\u00e9s prematuros.<\/span><span style=\"font-weight: 400;\"><br \/><\/span><span style=\"font-weight: 400;\"> Cuando un nacimiento se adelanta, todo cambia de golpe: aparecen palabras nuevas, rutinas distintas, miedos, preguntas\u2026 y tambi\u00e9n una necesidad enorme de sentir que no est\u00e1is solos.<\/span><\/p><p><span style=\"font-weight: 400;\">En APREM queremos ayudaros a entender la prematuridad desde un lugar sencillo y cercano: <\/span><b>con informaci\u00f3n clara, recursos \u00fatiles y acompa\u00f1amiento real<\/b><span style=\"font-weight: 400;\">, para que pod\u00e1is tomar decisiones con m\u00e1s calma y confianza.<\/span><\/p>\t\t\t\t\t\t\t\t<\/div>\n\t\t\t\t<\/div>\n\t\t<div class=\"elementor-element elementor-element-6c06f7c3 e-con-full e-flex e-con e-child\" data-id=\"6c06f7c3\" data-element_type=\"container\" data-e-type=\"container\">\n\t\t\t\t<div class=\"elementor-element elementor-element-5c059ab0 elementor-widget elementor-widget-image\" data-id=\"5c059ab0\" data-element_type=\"widget\" data-e-type=\"widget\" data-widget_type=\"image.default\">\n\t\t\t\t\t\t\t\t\t\t\t\t\t\t\t<img decoding=\"async\" src=\"https:\/\/aprem-e.org\/wp-content\/uploads\/elementor\/thumbs\/bebe-prematuro-scaled-rilnw168pr0anh06awu2uasz289uhplmp7l0ivuckg.jpg\" title=\"bebe-prematuro\" alt=\"bebe-prematuro\" loading=\"lazy\" \/>\t\t\t\t\t\t\t\t\t\t\t\t\t\t\t<\/div>\n\t\t\t\t<\/div>\n\t\t\t\t\t<\/div>\n\t\t\t\t<\/div>\n\t\t<div class=\"elementor-element elementor-element-3dfb6fa5 e-flex e-con-boxed e-con e-parent\" data-id=\"3dfb6fa5\" data-element_type=\"container\" data-e-type=\"container\">\n\t\t\t\t\t<div class=\"e-con-inner\">\n\t\t<div class=\"elementor-element elementor-element-59d1759e e-con-full e-flex e-con e-child\" data-id=\"59d1759e\" data-element_type=\"container\" data-e-type=\"container\">\n\t\t\t\t<div class=\"elementor-element elementor-element-b417b7a elementor-widget elementor-widget-heading\" data-id=\"b417b7a\" data-element_type=\"widget\" data-e-type=\"widget\" data-widget_type=\"heading.default\">\n\t\t\t\t\t<h3 class=\"elementor-heading-title elementor-size-default\">\u00bfQu\u00e9 significa nacer prematuro?<\/h3>\t\t\t\t<\/div>\n\t\t\t\t<div class=\"elementor-element elementor-element-23d79a53 elementor-widget__width-initial elementor-widget elementor-widget-text-editor\" data-id=\"23d79a53\" data-element_type=\"widget\" data-e-type=\"widget\" data-widget_type=\"text-editor.default\">\n\t\t\t\t\t\t\t\t\t<p><span style=\"font-weight: 400;\">Un beb\u00e9 es prematuro cuando nace antes de la semana 37 de gestaci\u00f3n. Cada caso es distinto, y el desarrollo puede variar seg\u00fan la edad gestacional, el peso al nacer y las necesidades de cada peque.<\/span><\/p><h5><b>Lo m\u00e1s importante: cada beb\u00e9 tiene su ritmo<\/b><\/h5><p><span style=\"font-weight: 400;\">En la prematuridad se habla mucho de <\/span><b>\u201cedad corregida\u201d<\/b><span style=\"font-weight: 400;\">, porque el desarrollo se valora teniendo en cuenta el tiempo que faltaba para llegar a t\u00e9rmino.<\/span><span style=\"font-weight: 400;\"><br \/><\/span><span style=\"font-weight: 400;\"> Comparar con otros beb\u00e9s puede generar ansiedad: lo m\u00e1s recomendable es observar avances propios y apoyarse en el seguimiento profesional.<\/span><\/p>\t\t\t\t\t\t\t\t<\/div>\n\t\t\t\t<\/div>\n\t\t<div class=\"elementor-element elementor-element-3e943189 e-con-full e-flex e-con e-child\" data-id=\"3e943189\" data-element_type=\"container\" data-e-type=\"container\">\n\t\t\t\t<div class=\"elementor-element elementor-element-559d7016 elementor-widget elementor-widget-image\" data-id=\"559d7016\" data-element_type=\"widget\" data-e-type=\"widget\" data-widget_type=\"image.default\">\n\t\t\t\t\t\t\t\t\t\t\t\t\t\t\t<img fetchpriority=\"high\" decoding=\"async\" width=\"800\" height=\"584\" src=\"https:\/\/aprem-e.org\/wp-content\/uploads\/2026\/02\/prematuro-e1770106107621.jpg\" class=\"attachment-large size-large wp-image-21168\" alt=\"\" srcset=\"https:\/\/aprem-e.org\/wp-content\/uploads\/2026\/02\/prematuro-e1770106107621.jpg 900w, https:\/\/aprem-e.org\/wp-content\/uploads\/2026\/02\/prematuro-e1770106107621-300x219.jpg 300w, https:\/\/aprem-e.org\/wp-content\/uploads\/2026\/02\/prematuro-e1770106107621-768x561.jpg 768w\" sizes=\"(max-width: 800px) 100vw, 800px\" \/>\t\t\t\t\t\t\t\t\t\t\t\t\t\t\t<\/div>\n\t\t\t\t<\/div>\n\t\t\t\t\t<\/div>\n\t\t\t\t<\/div>\n\t\t<div class=\"elementor-element elementor-element-2f854898 e-flex e-con-boxed e-con e-parent\" data-id=\"2f854898\" data-element_type=\"container\" data-e-type=\"container\">\n\t\t\t\t\t<div class=\"e-con-inner\">\n\t\t\t\t<div class=\"elementor-element elementor-element-84b8e43 elementor-widget__width-initial elementor-widget elementor-widget-text-editor\" data-id=\"84b8e43\" data-element_type=\"widget\" data-e-type=\"widget\" data-widget_type=\"text-editor.default\">\n\t\t\t\t\t\t\t\t\t<h4><b>Dudas frecuentes en esta etapa<\/b><\/h4><p><span style=\"font-weight: 400;\">A lo largo del ingreso y, sobre todo, en la vuelta a casa, es habitual preguntarse por temas como:<\/span><\/p><ul><li style=\"font-weight: 400;\" aria-level=\"1\"><span style=\"font-weight: 400;\">Alimentaci\u00f3n y lactancia<\/span><\/li><li style=\"font-weight: 400;\" aria-level=\"1\"><span style=\"font-weight: 400;\">Sue\u00f1o y rutinas<\/span><\/li><li style=\"font-weight: 400;\" aria-level=\"1\"><span style=\"font-weight: 400;\">Desarrollo motor y del lenguaje<\/span><\/li><li style=\"font-weight: 400;\" aria-level=\"1\"><span style=\"font-weight: 400;\">Revisi\u00f3n m\u00e9dica y pruebas<\/span><\/li><li style=\"font-weight: 400;\" aria-level=\"1\"><span style=\"font-weight: 400;\">Tr\u00e1mites y ayudas<\/span><\/li><li style=\"font-weight: 400;\" aria-level=\"1\"><span style=\"font-weight: 400;\">Emociones de mam\u00e1 y pap\u00e1 (y de toda la familia)<\/span><\/li><\/ul><p>\u00a0<\/p><h5><b>Estamos aqu\u00ed para acompa\u00f1aros<\/b><\/h5><p><span style=\"font-weight: 400;\">Si est\u00e1s en esa fase en la que todo se mezcla \u2014miedo, cansancio, ilusi\u00f3n, incertidumbre\u2014, recuerda esto: <\/span><b>no ten\u00e9is que hacerlo solos<\/b><span style=\"font-weight: 400;\">.<\/span><span style=\"font-weight: 400;\"><br \/><\/span><span style=\"font-weight: 400;\"> En APREM acompa\u00f1amos a familias desde la experiencia y, cuando hace falta, os orientamos hacia profesionales y recursos de confianza.<\/span><\/p><p><span style=\"font-weight: 400;\">\ud83d\udc49 Explora los recursos de esta secci\u00f3n y, si lo necesitas, escr\u00edbenos.<\/span><\/p><p><b>Estamos contigo.<\/b><\/p>\t\t\t\t\t\t\t\t<\/div>\n\t\t\t\t\t<\/div>\n\t\t\t\t<\/div>\n\t\t\t\t<\/div>\n\t\t","protected":false},"excerpt":{"rendered":"<p>Acerca de la prematuridad Es normal tener dudas sobre muchos temas relacionados con vuestros beb\u00e9s prematuros. Cuando un nacimiento se adelanta, todo cambia de golpe: aparecen palabras nuevas, rutinas distintas, miedos, preguntas\u2026 y tambi\u00e9n una necesidad enorme de sentir que no est\u00e1is solos. En APREM queremos ayudaros a entender la prematuridad desde un lugar sencillo [&hellip;]<\/p>\n","protected":false},"author":1,"featured_media":0,"parent":0,"menu_order":0,"comment_status":"closed","ping_status":"closed","template":"","meta":{"inline_featured_image":false,"footnotes":""},"class_list":["post-21165","page","type-page","status-publish","hentry"],"yoast_head":"<!-- This site is optimized with the Yoast SEO plugin v27.4 - https:\/\/yoast.com\/product\/yoast-seo-wordpress\/ -->\n<title>Acerca de la prematuridad - Aprem<\/title>\n<meta name=\"robots\" content=\"index, follow, max-snippet:-1, max-image-preview:large, max-video-preview:-1\" \/>\n<link rel=\"canonical\" href=\"https:\/\/aprem-e.org\/index.php\/acerca-de-la-prematuridad\/\" \/>\n<meta property=\"og:locale\" content=\"es_ES\" \/>\n<meta property=\"og:type\" content=\"article\" \/>\n<meta property=\"og:title\" content=\"Acerca de la prematuridad - Aprem\" \/>\n<meta property=\"og:description\" content=\"Acerca de la prematuridad Es normal tener dudas sobre muchos temas relacionados con vuestros beb\u00e9s prematuros. Cuando un nacimiento se adelanta, todo cambia de golpe: aparecen palabras nuevas, rutinas distintas, miedos, preguntas\u2026 y tambi\u00e9n una necesidad enorme de sentir que no est\u00e1is solos. En APREM queremos ayudaros a entender la prematuridad desde un lugar sencillo [&hellip;]\" \/>\n<meta property=\"og:url\" content=\"https:\/\/aprem-e.org\/index.php\/acerca-de-la-prematuridad\/\" \/>\n<meta property=\"og:site_name\" content=\"Aprem\" \/>\n<meta property=\"article:modified_time\" content=\"2026-02-03T08:09:10+00:00\" \/>\n<meta property=\"og:image\" content=\"https:\/\/aprem-e.org\/wp-content\/uploads\/elementor\/thumbs\/bebe-prematuro-scaled-rilnw168pr0anh06awu2uasz289uhplmp7l0ivuby8.jpg\" \/>\n<meta name=\"twitter:card\" content=\"summary_large_image\" \/>\n<meta name=\"twitter:label1\" content=\"Tiempo de lectura\" \/>\n\t<meta name=\"twitter:data1\" content=\"2 minutos\" \/>\n<script type=\"application\/ld+json\" class=\"yoast-schema-graph\">{\"@context\":\"https:\\\/\\\/schema.org\",\"@graph\":[{\"@type\":\"WebPage\",\"@id\":\"https:\\\/\\\/aprem-e.org\\\/index.php\\\/acerca-de-la-prematuridad\\\/\",\"url\":\"https:\\\/\\\/aprem-e.org\\\/index.php\\\/acerca-de-la-prematuridad\\\/\",\"name\":\"Acerca de la prematuridad - Aprem\",\"isPartOf\":{\"@id\":\"https:\\\/\\\/aprem-e.org\\\/#website\"},\"primaryImageOfPage\":{\"@id\":\"https:\\\/\\\/aprem-e.org\\\/index.php\\\/acerca-de-la-prematuridad\\\/#primaryimage\"},\"image\":{\"@id\":\"https:\\\/\\\/aprem-e.org\\\/index.php\\\/acerca-de-la-prematuridad\\\/#primaryimage\"},\"thumbnailUrl\":\"https:\\\/\\\/aprem-e.org\\\/wp-content\\\/uploads\\\/elementor\\\/thumbs\\\/bebe-prematuro-scaled-rilnw168pr0anh06awu2uasz289uhplmp7l0ivuby8.jpg\",\"datePublished\":\"2026-02-03T07:53:13+00:00\",\"dateModified\":\"2026-02-03T08:09:10+00:00\",\"breadcrumb\":{\"@id\":\"https:\\\/\\\/aprem-e.org\\\/index.php\\\/acerca-de-la-prematuridad\\\/#breadcrumb\"},\"inLanguage\":\"es\",\"potentialAction\":[{\"@type\":\"ReadAction\",\"target\":[\"https:\\\/\\\/aprem-e.org\\\/index.php\\\/acerca-de-la-prematuridad\\\/\"]}]},{\"@type\":\"ImageObject\",\"inLanguage\":\"es\",\"@id\":\"https:\\\/\\\/aprem-e.org\\\/index.php\\\/acerca-de-la-prematuridad\\\/#primaryimage\",\"url\":\"https:\\\/\\\/aprem-e.org\\\/wp-content\\\/uploads\\\/elementor\\\/thumbs\\\/bebe-prematuro-scaled-rilnw168pr0anh06awu2uasz289uhplmp7l0ivuby8.jpg\",\"contentUrl\":\"https:\\\/\\\/aprem-e.org\\\/wp-content\\\/uploads\\\/elementor\\\/thumbs\\\/bebe-prematuro-scaled-rilnw168pr0anh06awu2uasz289uhplmp7l0ivuby8.jpg\"},{\"@type\":\"BreadcrumbList\",\"@id\":\"https:\\\/\\\/aprem-e.org\\\/index.php\\\/acerca-de-la-prematuridad\\\/#breadcrumb\",\"itemListElement\":[{\"@type\":\"ListItem\",\"position\":1,\"name\":\"Home\",\"item\":\"https:\\\/\\\/aprem-e.org\\\/\"},{\"@type\":\"ListItem\",\"position\":2,\"name\":\"Acerca de la prematuridad\"}]},{\"@type\":\"WebSite\",\"@id\":\"https:\\\/\\\/aprem-e.org\\\/#website\",\"url\":\"https:\\\/\\\/aprem-e.org\\\/\",\"name\":\"Aprem\",\"description\":\"Asociaci\u00f3n de Padres de Ni\u00f1os Prematuros\",\"publisher\":{\"@id\":\"https:\\\/\\\/aprem-e.org\\\/#organization\"},\"potentialAction\":[{\"@type\":\"SearchAction\",\"target\":{\"@type\":\"EntryPoint\",\"urlTemplate\":\"https:\\\/\\\/aprem-e.org\\\/?s={search_term_string}\"},\"query-input\":{\"@type\":\"PropertyValueSpecification\",\"valueRequired\":true,\"valueName\":\"search_term_string\"}}],\"inLanguage\":\"es\"},{\"@type\":\"Organization\",\"@id\":\"https:\\\/\\\/aprem-e.org\\\/#organization\",\"name\":\"Aprem\",\"url\":\"https:\\\/\\\/aprem-e.org\\\/\",\"logo\":{\"@type\":\"ImageObject\",\"inLanguage\":\"es\",\"@id\":\"https:\\\/\\\/aprem-e.org\\\/#\\\/schema\\\/logo\\\/image\\\/\",\"url\":\"https:\\\/\\\/aprem-e.org\\\/wp-content\\\/uploads\\\/2025\\\/09\\\/cropped-Logo-APREM_M1.png\",\"contentUrl\":\"https:\\\/\\\/aprem-e.org\\\/wp-content\\\/uploads\\\/2025\\\/09\\\/cropped-Logo-APREM_M1.png\",\"width\":512,\"height\":512,\"caption\":\"Aprem\"},\"image\":{\"@id\":\"https:\\\/\\\/aprem-e.org\\\/#\\\/schema\\\/logo\\\/image\\\/\"}}]}<\/script>\n<!-- \/ Yoast SEO plugin. -->","yoast_head_json":{"title":"Acerca de la prematuridad - Aprem","robots":{"index":"index","follow":"follow","max-snippet":"max-snippet:-1","max-image-preview":"max-image-preview:large","max-video-preview":"max-video-preview:-1"},"canonical":"https:\/\/aprem-e.org\/index.php\/acerca-de-la-prematuridad\/","og_locale":"es_ES","og_type":"article","og_title":"Acerca de la prematuridad - Aprem","og_description":"Acerca de la prematuridad Es normal tener dudas sobre muchos temas relacionados con vuestros beb\u00e9s prematuros. Cuando un nacimiento se adelanta, todo cambia de golpe: aparecen palabras nuevas, rutinas distintas, miedos, preguntas\u2026 y tambi\u00e9n una necesidad enorme de sentir que no est\u00e1is solos. En APREM queremos ayudaros a entender la prematuridad desde un lugar sencillo [&hellip;]","og_url":"https:\/\/aprem-e.org\/index.php\/acerca-de-la-prematuridad\/","og_site_name":"Aprem","article_modified_time":"2026-02-03T08:09:10+00:00","og_image":[{"url":"https:\/\/aprem-e.org\/wp-content\/uploads\/elementor\/thumbs\/bebe-prematuro-scaled-rilnw168pr0anh06awu2uasz289uhplmp7l0ivuby8.jpg","type":"","width":"","height":""}],"twitter_card":"summary_large_image","twitter_misc":{"Tiempo de lectura":"2 minutos"},"schema":{"@context":"https:\/\/schema.org","@graph":[{"@type":"WebPage","@id":"https:\/\/aprem-e.org\/index.php\/acerca-de-la-prematuridad\/","url":"https:\/\/aprem-e.org\/index.php\/acerca-de-la-prematuridad\/","name":"Acerca de la prematuridad - Aprem","isPartOf":{"@id":"https:\/\/aprem-e.org\/#website"},"primaryImageOfPage":{"@id":"https:\/\/aprem-e.org\/index.php\/acerca-de-la-prematuridad\/#primaryimage"},"image":{"@id":"https:\/\/aprem-e.org\/index.php\/acerca-de-la-prematuridad\/#primaryimage"},"thumbnailUrl":"https:\/\/aprem-e.org\/wp-content\/uploads\/elementor\/thumbs\/bebe-prematuro-scaled-rilnw168pr0anh06awu2uasz289uhplmp7l0ivuby8.jpg","datePublished":"2026-02-03T07:53:13+00:00","dateModified":"2026-02-03T08:09:10+00:00","breadcrumb":{"@id":"https:\/\/aprem-e.org\/index.php\/acerca-de-la-prematuridad\/#breadcrumb"},"inLanguage":"es","potentialAction":[{"@type":"ReadAction","target":["https:\/\/aprem-e.org\/index.php\/acerca-de-la-prematuridad\/"]}]},{"@type":"ImageObject","inLanguage":"es","@id":"https:\/\/aprem-e.org\/index.php\/acerca-de-la-prematuridad\/#primaryimage","url":"https:\/\/aprem-e.org\/wp-content\/uploads\/elementor\/thumbs\/bebe-prematuro-scaled-rilnw168pr0anh06awu2uasz289uhplmp7l0ivuby8.jpg","contentUrl":"https:\/\/aprem-e.org\/wp-content\/uploads\/elementor\/thumbs\/bebe-prematuro-scaled-rilnw168pr0anh06awu2uasz289uhplmp7l0ivuby8.jpg"},{"@type":"BreadcrumbList","@id":"https:\/\/aprem-e.org\/index.php\/acerca-de-la-prematuridad\/#breadcrumb","itemListElement":[{"@type":"ListItem","position":1,"name":"Home","item":"https:\/\/aprem-e.org\/"},{"@type":"ListItem","position":2,"name":"Acerca de la prematuridad"}]},{"@type":"WebSite","@id":"https:\/\/aprem-e.org\/#website","url":"https:\/\/aprem-e.org\/","name":"Aprem","description":"Asociaci\u00f3n de Padres de Ni\u00f1os Prematuros","publisher":{"@id":"https:\/\/aprem-e.org\/#organization"},"potentialAction":[{"@type":"SearchAction","target":{"@type":"EntryPoint","urlTemplate":"https:\/\/aprem-e.org\/?s={search_term_string}"},"query-input":{"@type":"PropertyValueSpecification","valueRequired":true,"valueName":"search_term_string"}}],"inLanguage":"es"},{"@type":"Organization","@id":"https:\/\/aprem-e.org\/#organization","name":"Aprem","url":"https:\/\/aprem-e.org\/","logo":{"@type":"ImageObject","inLanguage":"es","@id":"https:\/\/aprem-e.org\/#\/schema\/logo\/image\/","url":"https:\/\/aprem-e.org\/wp-content\/uploads\/2025\/09\/cropped-Logo-APREM_M1.png","contentUrl":"https:\/\/aprem-e.org\/wp-content\/uploads\/2025\/09\/cropped-Logo-APREM_M1.png","width":512,"height":512,"caption":"Aprem"},"image":{"@id":"https:\/\/aprem-e.org\/#\/schema\/logo\/image\/"}}]}},"_links":{"self":[{"href":"https:\/\/aprem-e.org\/index.php\/wp-json\/wp\/v2\/pages\/21165","targetHints":{"allow":["GET"]}}],"collection":[{"href":"https:\/\/aprem-e.org\/index.php\/wp-json\/wp\/v2\/pages"}],"about":[{"href":"https:\/\/aprem-e.org\/index.php\/wp-json\/wp\/v2\/types\/page"}],"author":[{"embeddable":true,"href":"https:\/\/aprem-e.org\/index.php\/wp-json\/wp\/v2\/users\/1"}],"replies":[{"embeddable":true,"href":"https:\/\/aprem-e.org\/index.php\/wp-json\/wp\/v2\/comments?post=21165"}],"version-history":[{"count":5,"href":"https:\/\/aprem-e.org\/index.php\/wp-json\/wp\/v2\/pages\/21165\/revisions"}],"predecessor-version":[{"id":21225,"href":"https:\/\/aprem-e.org\/index.php\/wp-json\/wp\/v2\/pages\/21165\/revisions\/21225"}],"wp:attachment":[{"href":"https:\/\/aprem-e.org\/index.php\/wp-json\/wp\/v2\/media?parent=21165"}],"curies":[{"name":"wp","href":"https:\/\/api.w.org\/{rel}","templated":true}]}}