{"id":21297,"date":"2026-03-13T21:21:55","date_gmt":"2026-03-13T21:21:55","guid":{"rendered":"https:\/\/aprem-e.org\/?page_id=21297"},"modified":"2026-03-13T21:23:33","modified_gmt":"2026-03-13T21:23:33","slug":"metodo-canguro","status":"publish","type":"page","link":"https:\/\/aprem-e.org\/index.php\/metodo-canguro\/","title":{"rendered":"M\u00e9todo Canguro"},"content":{"rendered":"\t\t<div data-elementor-type=\"wp-page\" data-elementor-id=\"21297\" class=\"elementor elementor-21297\" data-elementor-post-type=\"page\">\n\t\t\t\t<div class=\"elementor-element elementor-element-45ca805 e-con-full e-flex e-con e-parent\" data-id=\"45ca805\" data-element_type=\"container\" data-e-type=\"container\" data-settings=\"{&quot;background_background&quot;:&quot;classic&quot;}\">\n\t\t\t\t<\/div>\n\t\t<div class=\"elementor-element elementor-element-d7c0abf e-flex e-con-boxed e-con e-parent\" data-id=\"d7c0abf\" data-element_type=\"container\" data-e-type=\"container\">\n\t\t\t\t\t<div class=\"e-con-inner\">\n\t\t\t\t<div class=\"elementor-element elementor-element-82c37f7 elementor-widget elementor-widget-heading\" data-id=\"82c37f7\" data-element_type=\"widget\" data-e-type=\"widget\" data-widget_type=\"heading.default\">\n\t\t\t\t\t<h2 class=\"elementor-heading-title elementor-size-default\">M\u00e9todo Canguro<\/h2>\t\t\t\t<\/div>\n\t\t\t\t<div class=\"elementor-element elementor-element-38133f1 elementor-widget__width-initial elementor-widget elementor-widget-text-editor\" data-id=\"38133f1\" data-element_type=\"widget\" data-e-type=\"widget\" data-widget_type=\"text-editor.default\">\n\t\t\t\t\t\t\t\t\t<p><strong>El m\u00e9todo canguro<\/strong>, o contacto piel con piel temprano, consiste en colocar a un beb\u00e9 en posici\u00f3n vertical entre los pechos de la madre o sobre el t\u00f3rax del padre u otros familiares (incluidos los hermanos y hermanas, con el debido conocimiento y cuidado), con su cabecita de lado, facilit\u00e1ndole la ventilaci\u00f3n y fomentando el contacto f\u00edsico y visual entre el reci\u00e9n nacido y el adulto.<\/p><p>Entre los muchos beneficios que tiene para los neonatos, destacar que este m\u00e9todo adelanta el inicio y las tasas de lactancia materna exclusiva con sus conocidos beneficios, desarrolla su v\u00ednculo afectivo contribuyendo a una posterior mejor autorregulaci\u00f3n de sus emociones, favorece su desarrollo cognitivo y reduce su riesgo de infecciones (sepsis neonatal), bajada corporal de la temperatura (hipotermia) y bajada de glucosa en sangre (hipoglucemia), favoreciendo la disminuci\u00f3n de reingresos hospitalarios y la mortalidad neonatal. Adem\u00e1s, el \u00abpiel con piel\u00bb mejora su circulaci\u00f3n sangu\u00ednea, reduce sus dolores y\/o molestias y favorece su regulaci\u00f3n del sue\u00f1o.<\/p><p>Para los progenitores que lo practican, favorece el v\u00ednculo afectivo con el reci\u00e9n nacido, les ayuda a regular mejor sus emociones, contribuye a mejorar sus niveles de autoestima y, en caso de depresi\u00f3n posparto, ayuda a paliarla.<\/p><p>Este m\u00e9todo fue creado en Colombia en 1978 por el Dr. Edgar Rey como respuesta a una situaci\u00f3n cr\u00edtica de mortalidad extremadamente alta de los neonatos nacidos prematuramente y\/o con bajo peso al nacer.<\/p><p>El m\u00e9todo canguro se ha ido extendiendo por el mundo y hoy constituye un est\u00e1ndar de cuidados en las Unidades de Neonatolog\u00eda porque fomenta la salud y el bienestar de los beb\u00e9s y de su n\u00facleo familiar.<\/p><p>ENLACE A FUNDACI\u00d3N CANGURO:<\/p><p><a href=\"https:\/\/fundacioncanguro.co\/\">https:\/\/fundacioncanguro.co\/<\/a><\/p>\t\t\t\t\t\t\t\t<\/div>\n\t\t\t\t\t<\/div>\n\t\t\t\t<\/div>\n\t\t\t\t<\/div>\n\t\t","protected":false},"excerpt":{"rendered":"<p>M\u00e9todo Canguro El m\u00e9todo canguro, o contacto piel con piel temprano, consiste en colocar a un beb\u00e9 en posici\u00f3n vertical entre los pechos de la madre o sobre el t\u00f3rax del padre u otros familiares (incluidos los hermanos y hermanas, con el debido conocimiento y cuidado), con su cabecita de lado, facilit\u00e1ndole la ventilaci\u00f3n y [&hellip;]<\/p>\n","protected":false},"author":1,"featured_media":0,"parent":0,"menu_order":0,"comment_status":"closed","ping_status":"closed","template":"","meta":{"inline_featured_image":false,"footnotes":""},"class_list":["post-21297","page","type-page","status-publish","hentry"],"yoast_head":"<!-- This site is optimized with the Yoast SEO plugin v27.4 - https:\/\/yoast.com\/product\/yoast-seo-wordpress\/ -->\n<title>M\u00e9todo Canguro - Aprem<\/title>\n<meta name=\"robots\" content=\"index, follow, max-snippet:-1, max-image-preview:large, max-video-preview:-1\" \/>\n<link rel=\"canonical\" href=\"https:\/\/aprem-e.org\/index.php\/metodo-canguro\/\" \/>\n<meta property=\"og:locale\" content=\"es_ES\" \/>\n<meta property=\"og:type\" content=\"article\" \/>\n<meta property=\"og:title\" content=\"M\u00e9todo Canguro - Aprem\" \/>\n<meta property=\"og:description\" content=\"M\u00e9todo Canguro El m\u00e9todo canguro, o contacto piel con piel temprano, consiste en colocar a un beb\u00e9 en posici\u00f3n vertical entre los pechos de la madre o sobre el t\u00f3rax del padre u otros familiares (incluidos los hermanos y hermanas, con el debido conocimiento y cuidado), con su cabecita de lado, facilit\u00e1ndole la ventilaci\u00f3n y [&hellip;]\" \/>\n<meta property=\"og:url\" content=\"https:\/\/aprem-e.org\/index.php\/metodo-canguro\/\" \/>\n<meta property=\"og:site_name\" content=\"Aprem\" \/>\n<meta property=\"article:modified_time\" content=\"2026-03-13T21:23:33+00:00\" \/>\n<meta name=\"twitter:card\" content=\"summary_large_image\" \/>\n<meta name=\"twitter:label1\" content=\"Tiempo de lectura\" \/>\n\t<meta name=\"twitter:data1\" content=\"2 minutos\" \/>\n<script type=\"application\/ld+json\" class=\"yoast-schema-graph\">{\"@context\":\"https:\\\/\\\/schema.org\",\"@graph\":[{\"@type\":\"WebPage\",\"@id\":\"https:\\\/\\\/aprem-e.org\\\/index.php\\\/metodo-canguro\\\/\",\"url\":\"https:\\\/\\\/aprem-e.org\\\/index.php\\\/metodo-canguro\\\/\",\"name\":\"M\u00e9todo Canguro - Aprem\",\"isPartOf\":{\"@id\":\"https:\\\/\\\/aprem-e.org\\\/#website\"},\"datePublished\":\"2026-03-13T21:21:55+00:00\",\"dateModified\":\"2026-03-13T21:23:33+00:00\",\"breadcrumb\":{\"@id\":\"https:\\\/\\\/aprem-e.org\\\/index.php\\\/metodo-canguro\\\/#breadcrumb\"},\"inLanguage\":\"es\",\"potentialAction\":[{\"@type\":\"ReadAction\",\"target\":[\"https:\\\/\\\/aprem-e.org\\\/index.php\\\/metodo-canguro\\\/\"]}]},{\"@type\":\"BreadcrumbList\",\"@id\":\"https:\\\/\\\/aprem-e.org\\\/index.php\\\/metodo-canguro\\\/#breadcrumb\",\"itemListElement\":[{\"@type\":\"ListItem\",\"position\":1,\"name\":\"Home\",\"item\":\"https:\\\/\\\/aprem-e.org\\\/\"},{\"@type\":\"ListItem\",\"position\":2,\"name\":\"M\u00e9todo Canguro\"}]},{\"@type\":\"WebSite\",\"@id\":\"https:\\\/\\\/aprem-e.org\\\/#website\",\"url\":\"https:\\\/\\\/aprem-e.org\\\/\",\"name\":\"Aprem\",\"description\":\"Asociaci\u00f3n de Padres de Ni\u00f1os Prematuros\",\"publisher\":{\"@id\":\"https:\\\/\\\/aprem-e.org\\\/#organization\"},\"potentialAction\":[{\"@type\":\"SearchAction\",\"target\":{\"@type\":\"EntryPoint\",\"urlTemplate\":\"https:\\\/\\\/aprem-e.org\\\/?s={search_term_string}\"},\"query-input\":{\"@type\":\"PropertyValueSpecification\",\"valueRequired\":true,\"valueName\":\"search_term_string\"}}],\"inLanguage\":\"es\"},{\"@type\":\"Organization\",\"@id\":\"https:\\\/\\\/aprem-e.org\\\/#organization\",\"name\":\"Aprem\",\"url\":\"https:\\\/\\\/aprem-e.org\\\/\",\"logo\":{\"@type\":\"ImageObject\",\"inLanguage\":\"es\",\"@id\":\"https:\\\/\\\/aprem-e.org\\\/#\\\/schema\\\/logo\\\/image\\\/\",\"url\":\"https:\\\/\\\/aprem-e.org\\\/wp-content\\\/uploads\\\/2025\\\/09\\\/cropped-Logo-APREM_M1.png\",\"contentUrl\":\"https:\\\/\\\/aprem-e.org\\\/wp-content\\\/uploads\\\/2025\\\/09\\\/cropped-Logo-APREM_M1.png\",\"width\":512,\"height\":512,\"caption\":\"Aprem\"},\"image\":{\"@id\":\"https:\\\/\\\/aprem-e.org\\\/#\\\/schema\\\/logo\\\/image\\\/\"}}]}<\/script>\n<!-- \/ Yoast SEO plugin. -->","yoast_head_json":{"title":"M\u00e9todo Canguro - Aprem","robots":{"index":"index","follow":"follow","max-snippet":"max-snippet:-1","max-image-preview":"max-image-preview:large","max-video-preview":"max-video-preview:-1"},"canonical":"https:\/\/aprem-e.org\/index.php\/metodo-canguro\/","og_locale":"es_ES","og_type":"article","og_title":"M\u00e9todo Canguro - Aprem","og_description":"M\u00e9todo Canguro El m\u00e9todo canguro, o contacto piel con piel temprano, consiste en colocar a un beb\u00e9 en posici\u00f3n vertical entre los pechos de la madre o sobre el t\u00f3rax del padre u otros familiares (incluidos los hermanos y hermanas, con el debido conocimiento y cuidado), con su cabecita de lado, facilit\u00e1ndole la ventilaci\u00f3n y [&hellip;]","og_url":"https:\/\/aprem-e.org\/index.php\/metodo-canguro\/","og_site_name":"Aprem","article_modified_time":"2026-03-13T21:23:33+00:00","twitter_card":"summary_large_image","twitter_misc":{"Tiempo de lectura":"2 minutos"},"schema":{"@context":"https:\/\/schema.org","@graph":[{"@type":"WebPage","@id":"https:\/\/aprem-e.org\/index.php\/metodo-canguro\/","url":"https:\/\/aprem-e.org\/index.php\/metodo-canguro\/","name":"M\u00e9todo Canguro - Aprem","isPartOf":{"@id":"https:\/\/aprem-e.org\/#website"},"datePublished":"2026-03-13T21:21:55+00:00","dateModified":"2026-03-13T21:23:33+00:00","breadcrumb":{"@id":"https:\/\/aprem-e.org\/index.php\/metodo-canguro\/#breadcrumb"},"inLanguage":"es","potentialAction":[{"@type":"ReadAction","target":["https:\/\/aprem-e.org\/index.php\/metodo-canguro\/"]}]},{"@type":"BreadcrumbList","@id":"https:\/\/aprem-e.org\/index.php\/metodo-canguro\/#breadcrumb","itemListElement":[{"@type":"ListItem","position":1,"name":"Home","item":"https:\/\/aprem-e.org\/"},{"@type":"ListItem","position":2,"name":"M\u00e9todo Canguro"}]},{"@type":"WebSite","@id":"https:\/\/aprem-e.org\/#website","url":"https:\/\/aprem-e.org\/","name":"Aprem","description":"Asociaci\u00f3n de Padres de Ni\u00f1os Prematuros","publisher":{"@id":"https:\/\/aprem-e.org\/#organization"},"potentialAction":[{"@type":"SearchAction","target":{"@type":"EntryPoint","urlTemplate":"https:\/\/aprem-e.org\/?s={search_term_string}"},"query-input":{"@type":"PropertyValueSpecification","valueRequired":true,"valueName":"search_term_string"}}],"inLanguage":"es"},{"@type":"Organization","@id":"https:\/\/aprem-e.org\/#organization","name":"Aprem","url":"https:\/\/aprem-e.org\/","logo":{"@type":"ImageObject","inLanguage":"es","@id":"https:\/\/aprem-e.org\/#\/schema\/logo\/image\/","url":"https:\/\/aprem-e.org\/wp-content\/uploads\/2025\/09\/cropped-Logo-APREM_M1.png","contentUrl":"https:\/\/aprem-e.org\/wp-content\/uploads\/2025\/09\/cropped-Logo-APREM_M1.png","width":512,"height":512,"caption":"Aprem"},"image":{"@id":"https:\/\/aprem-e.org\/#\/schema\/logo\/image\/"}}]}},"_links":{"self":[{"href":"https:\/\/aprem-e.org\/index.php\/wp-json\/wp\/v2\/pages\/21297","targetHints":{"allow":["GET"]}}],"collection":[{"href":"https:\/\/aprem-e.org\/index.php\/wp-json\/wp\/v2\/pages"}],"about":[{"href":"https:\/\/aprem-e.org\/index.php\/wp-json\/wp\/v2\/types\/page"}],"author":[{"embeddable":true,"href":"https:\/\/aprem-e.org\/index.php\/wp-json\/wp\/v2\/users\/1"}],"replies":[{"embeddable":true,"href":"https:\/\/aprem-e.org\/index.php\/wp-json\/wp\/v2\/comments?post=21297"}],"version-history":[{"count":4,"href":"https:\/\/aprem-e.org\/index.php\/wp-json\/wp\/v2\/pages\/21297\/revisions"}],"predecessor-version":[{"id":21302,"href":"https:\/\/aprem-e.org\/index.php\/wp-json\/wp\/v2\/pages\/21297\/revisions\/21302"}],"wp:attachment":[{"href":"https:\/\/aprem-e.org\/index.php\/wp-json\/wp\/v2\/media?parent=21297"}],"curies":[{"name":"wp","href":"https:\/\/api.w.org\/{rel}","templated":true}]}}