{"id":385,"date":"2025-11-07T12:32:35","date_gmt":"2025-11-07T12:32:35","guid":{"rendered":"https:\/\/aprem-e.org\/?page_id=385"},"modified":"2025-11-07T14:39:37","modified_gmt":"2025-11-07T14:39:37","slug":"hazte-voluntario","status":"publish","type":"page","link":"https:\/\/aprem-e.org\/index.php\/hazte-voluntario\/","title":{"rendered":"Hazte voluntario"},"content":{"rendered":"\t\t<div data-elementor-type=\"wp-page\" data-elementor-id=\"385\" class=\"elementor elementor-385\" data-elementor-post-type=\"page\">\n\t\t\t\t<div class=\"elementor-element elementor-element-aacc700 e-flex e-con-boxed e-con e-parent\" data-id=\"aacc700\" data-element_type=\"container\" data-e-type=\"container\">\n\t\t\t\t\t<div class=\"e-con-inner\">\n\t\t\t\t<div class=\"elementor-element elementor-element-63a0731 elementor-widget elementor-widget-heading\" data-id=\"63a0731\" data-element_type=\"widget\" data-e-type=\"widget\" data-widget_type=\"heading.default\">\n\t\t\t\t\t<h2 class=\"elementor-heading-title elementor-size-default\">Hazte voluntario<\/h2>\t\t\t\t<\/div>\n\t\t\t\t<div class=\"elementor-element elementor-element-65cbed5 elementor-widget__width-initial elementor-widget elementor-widget-text-editor\" data-id=\"65cbed5\" data-element_type=\"widget\" data-e-type=\"widget\" data-widget_type=\"text-editor.default\">\n\t\t\t\t\t\t\t\t\t<p><span style=\"font-weight: 400;\">En APREM creemos en la fuerza de las personas que acompa\u00f1an.<\/span><\/p><p><span style=\"font-weight: 400;\">Nuestro voluntariado es el coraz\u00f3n de la asociaci\u00f3n: personas que ofrecen su tiempo, su escucha y su presencia para estar al lado de las familias de beb\u00e9s prematuros.<\/span><\/p>\t\t\t\t\t\t\t\t<\/div>\n\t\t\t\t\t<\/div>\n\t\t\t\t<\/div>\n\t\t<div class=\"elementor-element elementor-element-479e914 e-flex e-con-boxed e-con e-parent\" data-id=\"479e914\" data-element_type=\"container\" data-e-type=\"container\">\n\t\t\t\t\t<div class=\"e-con-inner\">\n\t\t<div class=\"elementor-element elementor-element-ea4e84b e-con-full e-flex e-con e-child\" data-id=\"ea4e84b\" data-element_type=\"container\" data-e-type=\"container\">\n\t\t\t\t<div class=\"elementor-element elementor-element-3c6cd1d elementor-widget elementor-widget-heading\" data-id=\"3c6cd1d\" data-element_type=\"widget\" data-e-type=\"widget\" data-widget_type=\"heading.default\">\n\t\t\t\t\t<h2 class=\"elementor-heading-title elementor-size-default\">Puedes colaborar de muchas maneras:<\/h2>\t\t\t\t<\/div>\n\t\t\t\t<div class=\"elementor-element elementor-element-0ae581b elementor-widget__width-initial elementor-widget elementor-widget-text-editor\" data-id=\"0ae581b\" data-element_type=\"widget\" data-e-type=\"widget\" data-widget_type=\"text-editor.default\">\n\t\t\t\t\t\t\t\t\t<ul><li><span style=\"font-weight: 400;\">Acompa\u00f1ando a familias en los hospitales.<\/span><\/li><li style=\"font-weight: 400;\" aria-level=\"1\"><span style=\"font-weight: 400;\">Apoyando a familias en su vuelta a casa.<\/span><\/li><li style=\"font-weight: 400;\" aria-level=\"1\"><span style=\"font-weight: 400;\">Ayudando en tareas de organizaci\u00f3n, difusi\u00f3n o actividades de la asociaci\u00f3n.<\/span><\/li><\/ul><p>\u00a0<\/p><p><span style=\"font-weight: 400;\">No hay un tipo \u00fanico de voluntariado, ni una forma perfecta de ayudar.<\/span><\/p><p><span style=\"font-weight: 400;\">La implicaci\u00f3n de cada persona es la que puede y quiere aportar, y toda ayuda cuenta.<\/span><\/p><p>\u00a0<\/p><p><span style=\"font-weight: 400;\">Ya sea desde tu ciudad o desde cualquier punto de Espa\u00f1a, tu apoyo es importante y necesario.<\/span><\/p><p><span style=\"font-weight: 400;\">Porque cuando alguien acompa\u00f1a, el camino se vuelve m\u00e1s f\u00e1cil \ud83d\udc9c<\/span><\/p>\t\t\t\t\t\t\t\t<\/div>\n\t\t\t\t<\/div>\n\t\t<div class=\"elementor-element elementor-element-a736c32 e-con-full e-flex e-con e-child\" data-id=\"a736c32\" data-element_type=\"container\" data-e-type=\"container\">\n\t\t\t\t<div class=\"elementor-element elementor-element-036ead5 elementor-widget elementor-widget-image\" data-id=\"036ead5\" data-element_type=\"widget\" data-e-type=\"widget\" data-widget_type=\"image.default\">\n\t\t\t\t\t\t\t\t\t\t\t\t\t\t\t<img fetchpriority=\"high\" decoding=\"async\" width=\"800\" height=\"600\" src=\"https:\/\/aprem-e.org\/wp-content\/uploads\/2025\/11\/Imagen-de-WhatsApp-2025-10-02-a-las-18.51.58_637e2399-1024x768.jpg\" class=\"attachment-large size-large wp-image-390\" alt=\"\" srcset=\"https:\/\/aprem-e.org\/wp-content\/uploads\/2025\/11\/Imagen-de-WhatsApp-2025-10-02-a-las-18.51.58_637e2399-1024x768.jpg 1024w, https:\/\/aprem-e.org\/wp-content\/uploads\/2025\/11\/Imagen-de-WhatsApp-2025-10-02-a-las-18.51.58_637e2399-300x225.jpg 300w, https:\/\/aprem-e.org\/wp-content\/uploads\/2025\/11\/Imagen-de-WhatsApp-2025-10-02-a-las-18.51.58_637e2399-768x576.jpg 768w, https:\/\/aprem-e.org\/wp-content\/uploads\/2025\/11\/Imagen-de-WhatsApp-2025-10-02-a-las-18.51.58_637e2399-1536x1152.jpg 1536w, https:\/\/aprem-e.org\/wp-content\/uploads\/2025\/11\/Imagen-de-WhatsApp-2025-10-02-a-las-18.51.58_637e2399.jpg 2048w\" sizes=\"(max-width: 800px) 100vw, 800px\" \/>\t\t\t\t\t\t\t\t\t\t\t\t\t\t\t<\/div>\n\t\t\t\t<\/div>\n\t\t\t\t\t<\/div>\n\t\t\t\t<\/div>\n\t\t<div class=\"elementor-element elementor-element-b84156f e-flex e-con-boxed e-con e-parent\" data-id=\"b84156f\" data-element_type=\"container\" data-e-type=\"container\">\n\t\t\t\t\t<div class=\"e-con-inner\">\n\t\t\t\t<div class=\"elementor-element elementor-element-a79286a elementor-widget elementor-widget-heading\" data-id=\"a79286a\" data-element_type=\"widget\" data-e-type=\"widget\" data-widget_type=\"heading.default\">\n\t\t\t\t\t<h2 class=\"elementor-heading-title elementor-size-default\">Te Esperamos!\n\n<\/h2>\t\t\t\t<\/div>\n\t\t\t\t\t<\/div>\n\t\t\t\t<\/div>\n\t\t<div class=\"elementor-element elementor-element-8f54efe e-flex e-con-boxed e-con e-parent\" data-id=\"8f54efe\" data-element_type=\"container\" data-e-type=\"container\">\n\t\t\t\t\t<div class=\"e-con-inner\">\n\t\t\t\t<div class=\"elementor-element elementor-element-93a87c1 elementor-widget__width-initial elementor-button-align-start elementor-widget elementor-widget-form\" data-id=\"93a87c1\" data-element_type=\"widget\" data-e-type=\"widget\" data-settings=\"{&quot;step_next_label&quot;:&quot;Next&quot;,&quot;step_previous_label&quot;:&quot;Previous&quot;,&quot;button_width&quot;:&quot;100&quot;,&quot;step_type&quot;:&quot;number_text&quot;,&quot;step_icon_shape&quot;:&quot;circle&quot;}\" data-widget_type=\"form.default\">\n\t\t\t\t\t\t\t<form class=\"elementor-form\" method=\"post\" name=\"New Form\" aria-label=\"New Form\">\n\t\t\t<input type=\"hidden\" name=\"post_id\" value=\"385\"\/>\n\t\t\t<input type=\"hidden\" name=\"form_id\" value=\"93a87c1\"\/>\n\t\t\t<input type=\"hidden\" name=\"referer_title\" value=\"Hazte voluntario - Aprem\" \/>\n\n\t\t\t\t\t\t\t<input type=\"hidden\" name=\"queried_id\" value=\"385\"\/>\n\t\t\t\n\t\t\t<div class=\"elementor-form-fields-wrapper elementor-labels-above\">\n\t\t\t\t\t\t\t\t<div class=\"elementor-field-type-text elementor-field-group elementor-column elementor-field-group-name elementor-col-50 elementor-field-required\">\n\t\t\t\t\t\t\t\t\t\t\t\t<label for=\"form-field-name\" class=\"elementor-field-label\">\n\t\t\t\t\t\t\t\tNombre\t\t\t\t\t\t\t<\/label>\n\t\t\t\t\t\t\t\t\t\t\t\t\t\t<input size=\"1\" type=\"text\" name=\"form_fields[name]\" id=\"form-field-name\" class=\"elementor-field elementor-size-sm  elementor-field-textual\" placeholder=\"Nombre\" required=\"required\">\n\t\t\t\t\t\t\t\t\t\t\t<\/div>\n\t\t\t\t\t\t\t\t<div class=\"elementor-field-type-text elementor-field-group elementor-column elementor-field-group-field_4421d8f elementor-col-50 elementor-field-required\">\n\t\t\t\t\t\t\t\t\t\t\t\t<label for=\"form-field-field_4421d8f\" class=\"elementor-field-label\">\n\t\t\t\t\t\t\t\tApellido\t\t\t\t\t\t\t<\/label>\n\t\t\t\t\t\t\t\t\t\t\t\t\t\t<input size=\"1\" type=\"text\" name=\"form_fields[field_4421d8f]\" id=\"form-field-field_4421d8f\" class=\"elementor-field elementor-size-sm  elementor-field-textual\" placeholder=\"Apellido\" required=\"required\">\n\t\t\t\t\t\t\t\t\t\t\t<\/div>\n\t\t\t\t\t\t\t\t<div class=\"elementor-field-type-email elementor-field-group elementor-column elementor-field-group-email elementor-col-50 elementor-field-required\">\n\t\t\t\t\t\t\t\t\t\t\t\t<label for=\"form-field-email\" class=\"elementor-field-label\">\n\t\t\t\t\t\t\t\tCorreo\t\t\t\t\t\t\t<\/label>\n\t\t\t\t\t\t\t\t\t\t\t\t\t\t<input size=\"1\" type=\"email\" name=\"form_fields[email]\" id=\"form-field-email\" class=\"elementor-field elementor-size-sm  elementor-field-textual\" placeholder=\"Correo\" required=\"required\">\n\t\t\t\t\t\t\t\t\t\t\t<\/div>\n\t\t\t\t\t\t\t\t<div class=\"elementor-field-type-tel elementor-field-group elementor-column elementor-field-group-field_d724f3e elementor-col-50 elementor-field-required\">\n\t\t\t\t\t\t\t\t\t\t\t\t<label for=\"form-field-field_d724f3e\" class=\"elementor-field-label\">\n\t\t\t\t\t\t\t\tTel\u00e9fono\t\t\t\t\t\t\t<\/label>\n\t\t\t\t\t\t\t\t<input size=\"1\" type=\"tel\" name=\"form_fields[field_d724f3e]\" id=\"form-field-field_d724f3e\" class=\"elementor-field elementor-size-sm  elementor-field-textual\" placeholder=\"Tel\u00e9fono\" required=\"required\" pattern=\"[0-9()#&amp;+*-=.]+\" title=\"Only numbers and phone characters (#, -, *, etc) are accepted.\">\n\n\t\t\t\t\t\t<\/div>\n\t\t\t\t\t\t\t\t<div class=\"elementor-field-type-textarea elementor-field-group elementor-column elementor-field-group-field_25e6f6c elementor-col-100\">\n\t\t\t\t\t\t\t\t\t\t\t\t<label for=\"form-field-field_25e6f6c\" class=\"elementor-field-label\">\n\t\t\t\t\t\t\t\tMensaje\t\t\t\t\t\t\t<\/label>\n\t\t\t\t\t\t<textarea class=\"elementor-field-textual elementor-field  elementor-size-sm\" name=\"form_fields[field_25e6f6c]\" id=\"form-field-field_25e6f6c\" rows=\"1\" placeholder=\"Mensaje\"><\/textarea>\t\t\t\t<\/div>\n\t\t\t\t\t\t\t\t<div class=\"elementor-field-group elementor-column elementor-field-type-submit elementor-col-100 e-form__buttons\">\n\t\t\t\t\t<button class=\"elementor-button elementor-size-sm\" type=\"submit\">\n\t\t\t\t\t\t<span class=\"elementor-button-content-wrapper\">\n\t\t\t\t\t\t\t\t\t\t\t\t\t\t\t\t\t\t\t\t\t\t<span class=\"elementor-button-text\">Enviar<\/span>\n\t\t\t\t\t\t\t\t\t\t\t\t\t<\/span>\n\t\t\t\t\t<\/button>\n\t\t\t\t<\/div>\n\t\t\t<\/div>\n\t\t<\/form>\n\t\t\t\t\t\t<\/div>\n\t\t\t\t\t<\/div>\n\t\t\t\t<\/div>\n\t\t\t\t<\/div>\n\t\t","protected":false},"excerpt":{"rendered":"<p>Hazte voluntario En APREM creemos en la fuerza de las personas que acompa\u00f1an. Nuestro voluntariado es el coraz\u00f3n de la asociaci\u00f3n: personas que ofrecen su tiempo, su escucha y su presencia para estar al lado de las familias de beb\u00e9s prematuros. Puedes colaborar de muchas maneras: Acompa\u00f1ando a familias en los hospitales. Apoyando a familias [&hellip;]<\/p>\n","protected":false},"author":1,"featured_media":0,"parent":0,"menu_order":0,"comment_status":"closed","ping_status":"closed","template":"","meta":{"inline_featured_image":false,"footnotes":""},"class_list":["post-385","page","type-page","status-publish","hentry"],"yoast_head":"<!-- This site is optimized with the Yoast SEO plugin v27.4 - https:\/\/yoast.com\/product\/yoast-seo-wordpress\/ -->\n<title>Hazte voluntario - Aprem<\/title>\n<meta name=\"robots\" content=\"index, follow, max-snippet:-1, max-image-preview:large, max-video-preview:-1\" \/>\n<link rel=\"canonical\" href=\"https:\/\/aprem-e.org\/index.php\/hazte-voluntario\/\" \/>\n<meta property=\"og:locale\" content=\"es_ES\" \/>\n<meta property=\"og:type\" content=\"article\" \/>\n<meta property=\"og:title\" content=\"Hazte voluntario - Aprem\" \/>\n<meta property=\"og:description\" content=\"Hazte voluntario En APREM creemos en la fuerza de las personas que acompa\u00f1an. Nuestro voluntariado es el coraz\u00f3n de la asociaci\u00f3n: personas que ofrecen su tiempo, su escucha y su presencia para estar al lado de las familias de beb\u00e9s prematuros. Puedes colaborar de muchas maneras: Acompa\u00f1ando a familias en los hospitales. Apoyando a familias [&hellip;]\" \/>\n<meta property=\"og:url\" content=\"https:\/\/aprem-e.org\/index.php\/hazte-voluntario\/\" \/>\n<meta property=\"og:site_name\" content=\"Aprem\" \/>\n<meta property=\"article:modified_time\" content=\"2025-11-07T14:39:37+00:00\" \/>\n<meta property=\"og:image\" content=\"https:\/\/aprem-e.org\/wp-content\/uploads\/2025\/11\/Imagen-de-WhatsApp-2025-10-02-a-las-18.51.58_637e2399.jpg\" \/>\n\t<meta property=\"og:image:width\" content=\"2048\" \/>\n\t<meta property=\"og:image:height\" content=\"1536\" \/>\n\t<meta property=\"og:image:type\" content=\"image\/jpeg\" \/>\n<meta name=\"twitter:card\" content=\"summary_large_image\" \/>\n<meta name=\"twitter:label1\" content=\"Tiempo de lectura\" \/>\n\t<meta name=\"twitter:data1\" content=\"1 minuto\" \/>\n<script type=\"application\/ld+json\" class=\"yoast-schema-graph\">{\"@context\":\"https:\\\/\\\/schema.org\",\"@graph\":[{\"@type\":\"WebPage\",\"@id\":\"https:\\\/\\\/aprem-e.org\\\/index.php\\\/hazte-voluntario\\\/\",\"url\":\"https:\\\/\\\/aprem-e.org\\\/index.php\\\/hazte-voluntario\\\/\",\"name\":\"Hazte voluntario - Aprem\",\"isPartOf\":{\"@id\":\"https:\\\/\\\/aprem-e.org\\\/#website\"},\"primaryImageOfPage\":{\"@id\":\"https:\\\/\\\/aprem-e.org\\\/index.php\\\/hazte-voluntario\\\/#primaryimage\"},\"image\":{\"@id\":\"https:\\\/\\\/aprem-e.org\\\/index.php\\\/hazte-voluntario\\\/#primaryimage\"},\"thumbnailUrl\":\"https:\\\/\\\/aprem-e.org\\\/wp-content\\\/uploads\\\/2025\\\/11\\\/Imagen-de-WhatsApp-2025-10-02-a-las-18.51.58_637e2399-1024x768.jpg\",\"datePublished\":\"2025-11-07T12:32:35+00:00\",\"dateModified\":\"2025-11-07T14:39:37+00:00\",\"breadcrumb\":{\"@id\":\"https:\\\/\\\/aprem-e.org\\\/index.php\\\/hazte-voluntario\\\/#breadcrumb\"},\"inLanguage\":\"es\",\"potentialAction\":[{\"@type\":\"ReadAction\",\"target\":[\"https:\\\/\\\/aprem-e.org\\\/index.php\\\/hazte-voluntario\\\/\"]}]},{\"@type\":\"ImageObject\",\"inLanguage\":\"es\",\"@id\":\"https:\\\/\\\/aprem-e.org\\\/index.php\\\/hazte-voluntario\\\/#primaryimage\",\"url\":\"https:\\\/\\\/aprem-e.org\\\/wp-content\\\/uploads\\\/2025\\\/11\\\/Imagen-de-WhatsApp-2025-10-02-a-las-18.51.58_637e2399.jpg\",\"contentUrl\":\"https:\\\/\\\/aprem-e.org\\\/wp-content\\\/uploads\\\/2025\\\/11\\\/Imagen-de-WhatsApp-2025-10-02-a-las-18.51.58_637e2399.jpg\",\"width\":2048,\"height\":1536},{\"@type\":\"BreadcrumbList\",\"@id\":\"https:\\\/\\\/aprem-e.org\\\/index.php\\\/hazte-voluntario\\\/#breadcrumb\",\"itemListElement\":[{\"@type\":\"ListItem\",\"position\":1,\"name\":\"Home\",\"item\":\"https:\\\/\\\/aprem-e.org\\\/\"},{\"@type\":\"ListItem\",\"position\":2,\"name\":\"Hazte voluntario\"}]},{\"@type\":\"WebSite\",\"@id\":\"https:\\\/\\\/aprem-e.org\\\/#website\",\"url\":\"https:\\\/\\\/aprem-e.org\\\/\",\"name\":\"Aprem\",\"description\":\"Asociaci\u00f3n de Padres de Ni\u00f1os Prematuros\",\"publisher\":{\"@id\":\"https:\\\/\\\/aprem-e.org\\\/#organization\"},\"potentialAction\":[{\"@type\":\"SearchAction\",\"target\":{\"@type\":\"EntryPoint\",\"urlTemplate\":\"https:\\\/\\\/aprem-e.org\\\/?s={search_term_string}\"},\"query-input\":{\"@type\":\"PropertyValueSpecification\",\"valueRequired\":true,\"valueName\":\"search_term_string\"}}],\"inLanguage\":\"es\"},{\"@type\":\"Organization\",\"@id\":\"https:\\\/\\\/aprem-e.org\\\/#organization\",\"name\":\"Aprem\",\"url\":\"https:\\\/\\\/aprem-e.org\\\/\",\"logo\":{\"@type\":\"ImageObject\",\"inLanguage\":\"es\",\"@id\":\"https:\\\/\\\/aprem-e.org\\\/#\\\/schema\\\/logo\\\/image\\\/\",\"url\":\"https:\\\/\\\/aprem-e.org\\\/wp-content\\\/uploads\\\/2025\\\/09\\\/cropped-Logo-APREM_M1.png\",\"contentUrl\":\"https:\\\/\\\/aprem-e.org\\\/wp-content\\\/uploads\\\/2025\\\/09\\\/cropped-Logo-APREM_M1.png\",\"width\":512,\"height\":512,\"caption\":\"Aprem\"},\"image\":{\"@id\":\"https:\\\/\\\/aprem-e.org\\\/#\\\/schema\\\/logo\\\/image\\\/\"}}]}<\/script>\n<!-- \/ Yoast SEO plugin. -->","yoast_head_json":{"title":"Hazte voluntario - Aprem","robots":{"index":"index","follow":"follow","max-snippet":"max-snippet:-1","max-image-preview":"max-image-preview:large","max-video-preview":"max-video-preview:-1"},"canonical":"https:\/\/aprem-e.org\/index.php\/hazte-voluntario\/","og_locale":"es_ES","og_type":"article","og_title":"Hazte voluntario - Aprem","og_description":"Hazte voluntario En APREM creemos en la fuerza de las personas que acompa\u00f1an. Nuestro voluntariado es el coraz\u00f3n de la asociaci\u00f3n: personas que ofrecen su tiempo, su escucha y su presencia para estar al lado de las familias de beb\u00e9s prematuros. Puedes colaborar de muchas maneras: Acompa\u00f1ando a familias en los hospitales. Apoyando a familias [&hellip;]","og_url":"https:\/\/aprem-e.org\/index.php\/hazte-voluntario\/","og_site_name":"Aprem","article_modified_time":"2025-11-07T14:39:37+00:00","og_image":[{"width":2048,"height":1536,"url":"https:\/\/aprem-e.org\/wp-content\/uploads\/2025\/11\/Imagen-de-WhatsApp-2025-10-02-a-las-18.51.58_637e2399.jpg","type":"image\/jpeg"}],"twitter_card":"summary_large_image","twitter_misc":{"Tiempo de lectura":"1 minuto"},"schema":{"@context":"https:\/\/schema.org","@graph":[{"@type":"WebPage","@id":"https:\/\/aprem-e.org\/index.php\/hazte-voluntario\/","url":"https:\/\/aprem-e.org\/index.php\/hazte-voluntario\/","name":"Hazte voluntario - Aprem","isPartOf":{"@id":"https:\/\/aprem-e.org\/#website"},"primaryImageOfPage":{"@id":"https:\/\/aprem-e.org\/index.php\/hazte-voluntario\/#primaryimage"},"image":{"@id":"https:\/\/aprem-e.org\/index.php\/hazte-voluntario\/#primaryimage"},"thumbnailUrl":"https:\/\/aprem-e.org\/wp-content\/uploads\/2025\/11\/Imagen-de-WhatsApp-2025-10-02-a-las-18.51.58_637e2399-1024x768.jpg","datePublished":"2025-11-07T12:32:35+00:00","dateModified":"2025-11-07T14:39:37+00:00","breadcrumb":{"@id":"https:\/\/aprem-e.org\/index.php\/hazte-voluntario\/#breadcrumb"},"inLanguage":"es","potentialAction":[{"@type":"ReadAction","target":["https:\/\/aprem-e.org\/index.php\/hazte-voluntario\/"]}]},{"@type":"ImageObject","inLanguage":"es","@id":"https:\/\/aprem-e.org\/index.php\/hazte-voluntario\/#primaryimage","url":"https:\/\/aprem-e.org\/wp-content\/uploads\/2025\/11\/Imagen-de-WhatsApp-2025-10-02-a-las-18.51.58_637e2399.jpg","contentUrl":"https:\/\/aprem-e.org\/wp-content\/uploads\/2025\/11\/Imagen-de-WhatsApp-2025-10-02-a-las-18.51.58_637e2399.jpg","width":2048,"height":1536},{"@type":"BreadcrumbList","@id":"https:\/\/aprem-e.org\/index.php\/hazte-voluntario\/#breadcrumb","itemListElement":[{"@type":"ListItem","position":1,"name":"Home","item":"https:\/\/aprem-e.org\/"},{"@type":"ListItem","position":2,"name":"Hazte voluntario"}]},{"@type":"WebSite","@id":"https:\/\/aprem-e.org\/#website","url":"https:\/\/aprem-e.org\/","name":"Aprem","description":"Asociaci\u00f3n de Padres de Ni\u00f1os Prematuros","publisher":{"@id":"https:\/\/aprem-e.org\/#organization"},"potentialAction":[{"@type":"SearchAction","target":{"@type":"EntryPoint","urlTemplate":"https:\/\/aprem-e.org\/?s={search_term_string}"},"query-input":{"@type":"PropertyValueSpecification","valueRequired":true,"valueName":"search_term_string"}}],"inLanguage":"es"},{"@type":"Organization","@id":"https:\/\/aprem-e.org\/#organization","name":"Aprem","url":"https:\/\/aprem-e.org\/","logo":{"@type":"ImageObject","inLanguage":"es","@id":"https:\/\/aprem-e.org\/#\/schema\/logo\/image\/","url":"https:\/\/aprem-e.org\/wp-content\/uploads\/2025\/09\/cropped-Logo-APREM_M1.png","contentUrl":"https:\/\/aprem-e.org\/wp-content\/uploads\/2025\/09\/cropped-Logo-APREM_M1.png","width":512,"height":512,"caption":"Aprem"},"image":{"@id":"https:\/\/aprem-e.org\/#\/schema\/logo\/image\/"}}]}},"_links":{"self":[{"href":"https:\/\/aprem-e.org\/index.php\/wp-json\/wp\/v2\/pages\/385","targetHints":{"allow":["GET"]}}],"collection":[{"href":"https:\/\/aprem-e.org\/index.php\/wp-json\/wp\/v2\/pages"}],"about":[{"href":"https:\/\/aprem-e.org\/index.php\/wp-json\/wp\/v2\/types\/page"}],"author":[{"embeddable":true,"href":"https:\/\/aprem-e.org\/index.php\/wp-json\/wp\/v2\/users\/1"}],"replies":[{"embeddable":true,"href":"https:\/\/aprem-e.org\/index.php\/wp-json\/wp\/v2\/comments?post=385"}],"version-history":[{"count":7,"href":"https:\/\/aprem-e.org\/index.php\/wp-json\/wp\/v2\/pages\/385\/revisions"}],"predecessor-version":[{"id":517,"href":"https:\/\/aprem-e.org\/index.php\/wp-json\/wp\/v2\/pages\/385\/revisions\/517"}],"wp:attachment":[{"href":"https:\/\/aprem-e.org\/index.php\/wp-json\/wp\/v2\/media?parent=385"}],"curies":[{"name":"wp","href":"https:\/\/api.w.org\/{rel}","templated":true}]}}