{"id":860,"date":"2026-01-27T02:27:16","date_gmt":"2026-01-27T02:27:16","guid":{"rendered":"https:\/\/aprem-e.org\/?page_id=860"},"modified":"2026-01-27T02:30:28","modified_gmt":"2026-01-27T02:30:28","slug":"politica-de-cookies","status":"publish","type":"page","link":"https:\/\/aprem-e.org\/index.php\/politica-de-cookies\/","title":{"rendered":"Pol\u00edtica de cookies"},"content":{"rendered":"\t\t<div data-elementor-type=\"wp-page\" data-elementor-id=\"860\" class=\"elementor elementor-860\" data-elementor-post-type=\"page\">\n\t\t\t\t<div class=\"elementor-element elementor-element-4cb39d0 e-flex e-con-boxed e-con e-parent\" data-id=\"4cb39d0\" data-element_type=\"container\" data-e-type=\"container\">\n\t\t\t\t\t<div class=\"e-con-inner\">\n\t\t\t\t<div class=\"elementor-element elementor-element-c5f3939 elementor-widget__width-initial elementor-widget elementor-widget-text-editor\" data-id=\"c5f3939\" data-element_type=\"widget\" data-e-type=\"widget\" data-widget_type=\"text-editor.default\">\n\t\t\t\t\t\t\t\t\t<h5>Informaci\u00f3n en cumplimiento de la normativa de protecci\u00f3n de datos personales<\/h5><p>\u00a0<\/p><p><strong>\u00bfQu\u00e9 son las cookies y para qu\u00e9 las usamos?<\/strong><\/p><p>Una\u00a0cookie\u00a0o galleta inform\u00e1tica es un peque\u00f1o archivo de informaci\u00f3n que se guarda en su navegador cada vez que visita nuestra p\u00e1gina web.<\/p><p>La utilidad de las cookies es guardar el historial de su actividad en nuestra p\u00e1gina web, de manera que, cuando la visite nuevamente, \u00e9sta pueda identificarle y configurar el contenido de la misma en base a sus h\u00e1bitos de navegaci\u00f3n, identidad y preferencias.<\/p><p>Una cookie es inofensiva, no contiene c\u00f3digo malicioso o malintencionado (ej. virus, troyanos, gusanos, etc.) que pueda da\u00f1ar su terminal (ordenador, smartphone, tableta, etc.), pero s\u00ed tiene cierto impacto sobre su derecho a la protecci\u00f3n de sus datos, pues recoge determinada informaci\u00f3n concerniente a su persona (h\u00e1bitos de navegaci\u00f3n, identidad, preferencias, etc.).<\/p><p><strong>\u00a0<\/strong><\/p><p><strong>\u00bfQu\u00e9 informaci\u00f3n guarda una cookie?<\/strong><\/p><p>Las cookies no suelen recoger categor\u00edas especiales de datos personales (datos sensibles). Los datos que guardan son de car\u00e1cter t\u00e9cnico, preferencias personales, personalizaci\u00f3n de contenidos, etc.<\/p><p><strong>\u00a0<\/strong><\/p><p><strong>\u00bfQu\u00e9 tipo de cookies existen?<\/strong><\/p><p>Con car\u00e1cter general, existen cinco tipos de cookies:<\/p><ul><li><strong>Cookies t\u00e9cnicas:<\/strong><\/li><\/ul><p>Son las cookies m\u00e1s b\u00e1sicas. Permiten al usuario la navegaci\u00f3n a trav\u00e9s de una p\u00e1gina web, plataforma o aplicaci\u00f3n y la utilizaci\u00f3n de las diferentes opciones o servicios que en ella existan como, por ejemplo, controlar el tr\u00e1fico y la comunicaci\u00f3n de datos, identificar la sesi\u00f3n, acceder a partes de acceso restringido, recordar los elementos que integran un pedido, realizar el proceso de compra de un pedido, realizar la solicitud de inscripci\u00f3n o participaci\u00f3n en un evento, utilizar elementos de seguridad durante la navegaci\u00f3n, almacenar contenidos para la difusi\u00f3n de videos o sonido o compartir contenidos a trav\u00e9s de redes sociales.<\/p><ul><li><strong>Cookies de personalizaci\u00f3n:\u00a0<\/strong><\/li><\/ul><p>Son aqu\u00e9llas que permiten al usuario acceder al servicio con algunas caracter\u00edsticas de car\u00e1cter general predefinidas en funci\u00f3n de una serie de criterios en el terminal del usuario como por ejemplo serian el idioma, el tipo de navegador a trav\u00e9s del cual accede al servicio, la configuraci\u00f3n regional desde donde accede al servicio, etc.<\/p><ul><li><strong>Cookies de an\u00e1lisis:<\/strong><\/li><\/ul><p>Son aqu\u00e9llas que permiten al responsable de las mismas, el seguimiento y an\u00e1lisis del comportamiento de los usuarios de los sitios web a los que est\u00e1n vinculadas. La informaci\u00f3n recogida mediante este tipo de cookies se utiliza en la medici\u00f3n de la actividad de los sitios web, aplicaci\u00f3n o plataforma y para la elaboraci\u00f3n de perfiles de navegaci\u00f3n de los usuarios de dichos sitios, aplicaciones y plataformas, con el fin de introducir mejoras en funci\u00f3n del an\u00e1lisis de los datos de uso que hacen los usuarios del servicio.<\/p><ul><li><strong>Cookies publicitarias:<\/strong><\/li><\/ul><p>Son aqu\u00e9llas que permiten la gesti\u00f3n, de la forma m\u00e1s eficaz posible, de los espacios publicitarios que, en su caso, el responsable haya incluido en una p\u00e1gina web, aplicaci\u00f3n o plataforma desde la que presta el servicio solicitado en base a criterios como el contenido editado o la frecuencia en la que se muestran los anuncios.<\/p><ul><li><strong>Cookies de publicidad comportamental:\u00a0<\/strong><\/li><\/ul><p>Son aqu\u00e9llas que permiten la gesti\u00f3n, de la forma m\u00e1s eficaz posible, de los espacios publicitarios que, en su caso, el responsable haya incluido en una p\u00e1gina web, aplicaci\u00f3n o plataforma desde la que presta el servicio solicitado. Estas cookies almacenan informaci\u00f3n del comportamiento de los usuarios obtenida a trav\u00e9s de la observaci\u00f3n continuada de sus h\u00e1bitos de navegaci\u00f3n, lo que permite desarrollar un perfil espec\u00edfico para mostrar publicidad en funci\u00f3n del mismo.<\/p><p><strong>\u00a0<\/strong><\/p><p><strong>\u00bfQu\u00e9 son las cookies propias y las de terceros?<\/strong><\/p><ul><li><strong>Cookies de propias:\u00a0<\/strong><\/li><\/ul><p>Las cookies propias son aquellas que se generan y gestionan por el propio responsable que presta el servicio solicitado por el usuario.<\/p><ul><li><strong>Cookies de terceros:\u00a0<\/strong><\/li><\/ul><p>Son aquellas que se generan por otras entidades distintas al propio responsable (servicios o proveedores externos, como por ejemplo Google).<\/p><p><strong>\u00a0<\/strong><\/p><ul><li><strong>\u00bfQu\u00e9 tipo de cookies guarda nuestra p\u00e1gina web?<\/strong><\/li><\/ul><p>A continuaci\u00f3n, procedemos a relacionar el tipo de cookies que guarda nuestra p\u00e1gina web y la finalidad de las mismas:<\/p><table width=\"574\"><tbody><tr><td colspan=\"3\" width=\"574\"><strong>Cookies propias<\/strong><\/td><\/tr><tr><td width=\"140\"><strong>Entidad que utiliza las cookies<\/strong><\/td><td width=\"227\"><strong>Prop\u00f3sito<\/strong><\/td><td width=\"113\"><strong>Periodo de conservaci\u00f3n<\/strong><\/td><\/tr><tr><td width=\"140\">APREM<\/td><td width=\"227\"><p>Gestionadas para mejorar la calidad del sitio web y su contenido y su experiencia como usuario.<\/p><p>V\u00e9ase a continuaci\u00f3n<\/p><\/td><td width=\"113\">V\u00e9ase a continuaci\u00f3n<\/td><\/tr><\/tbody><\/table><ul><li><strong>\u00a0<\/strong>Si dejas un comentario en nuestro sitio puedes elegir guardar tu nombre, direcci\u00f3n de correo electr\u00f3nico y web en cookies. Esto es para tu comodidad, para que no tengas que volver a rellenar tus datos cuando dejes otro comentario. Estas cookies tendr\u00e1n una duraci\u00f3n de un a\u00f1o.<\/li><li>Si tienes una cuenta y te conectas a este sitio, instalaremos una cookie temporal para determinar si tu navegador acepta cookies. Esta cookie no contiene datos personales y se elimina al cerrar el navegador.<\/li><li>Cuando accedas, tambi\u00e9n instalaremos varias cookies para guardar tu informaci\u00f3n de acceso y tus opciones de visualizaci\u00f3n de pantalla. Las cookies de acceso duran dos d\u00edas, y las cookies de opciones de pantalla duran un a\u00f1o. Si seleccionas \u00abRecu\u00e9rdarme\u00bb, tu acceso perdurar\u00e1 durante dos semanas. Si sales de tu cuenta, las cookies de acceso se eliminar\u00e1n.<\/li><li>Si editas o publicas un art\u00edculo se guardar\u00e1 una cookie adicional en tu navegador. Esta cookie no incluye datos personales y simplemente indica el ID del art\u00edculo que acabas de editar. Caduca despu\u00e9s de 1 d\u00eda.<\/li><\/ul><table width=\"574\"><tbody><tr><td colspan=\"3\" width=\"574\"><strong>Cookies de terceros<\/strong><\/td><\/tr><tr><td width=\"140\"><strong>Entidad que utiliza las cookies<\/strong><\/td><td width=\"302\"><strong>Prop\u00f3sito<\/strong><\/td><td width=\"132\"><strong>M\u00e1s informaci\u00f3n<\/strong><\/td><\/tr><tr><td width=\"140\">Google Analytics<\/td><td width=\"302\">Recoger informaci\u00f3n sobre la navegaci\u00f3n de los usuarios por el sitio con el fin de conocer el origen de las visitas y otros datos similares a nivel estad\u00edstico.<\/td><td width=\"132\"><p><a href=\"https:\/\/developers.google.com\/analytics\/devguides\/collection\/analyticsjs\/cookie-usage\">Google Analytics<\/a><\/p><p><a href=\"http:\/\/www.google.com\/intl\/es\/privacy.html\">Centro de privacidad de Google<\/a><\/p><\/td><\/tr><\/tbody><\/table><p><strong>\u00a0<\/strong><\/p><p><strong>\u00a0<\/strong><strong>\u00bfQu\u00e9 puedo hacer con las cookies?<\/strong><\/p><p>Las cookies pueden ser borradas, aceptadas o bloqueadas, seg\u00fan desee, para esto s\u00f3lo debe configurar convenientemente el navegador web.<\/p><p>En cualquier momento, puede impedir la instalaci\u00f3n de cookies (bloqueo) en su equipo mediante la opci\u00f3n correspondiente de su navegador, pero en dicho caso no podremos asegurarle el correcto funcionamiento de las distintas funcionalidades de nuestra p\u00e1gina web.<\/p><p><strong>\u00bfC\u00f3mo puedo eliminar las cookies?<\/strong><\/p><p>Dependiendo del navegador que utilice, le facilitamos las instrucciones para eliminar las cookies:<\/p><ul><li><strong>Chrome<\/strong><\/li><\/ul><ol><li>Selecciona el icono de Herramientas<\/li><li>Haz clic en Configuraci\u00f3n.<\/li><li>Haz clic en Mostrar Opciones Avanzadas.<\/li><li>En la secci\u00f3n \u00abPrivacidad\u00bb haz clic en Configuraci\u00f3n de contenido.<\/li><\/ol><ul><li>Eliminar cookies: Haz clic en Todas las cookies y los datos de sitios\u2026<\/li><li>No permitir que se almacenen cookies.<\/li><\/ul><ol start=\"5\"><li>Haz clic en Eliminar datos de navegaci\u00f3n (vaciar la Cach\u00e9).<\/li><li>Cierra y reinicia el navegador.<\/li><\/ol><p>Para m\u00e1s informaci\u00f3n sobre Chrome pulse aqu\u00ed: http:\/\/support.google.com\/chrome\/answer\/95647?hl=es<\/p><p><strong>\u00a0<\/strong><\/p><ul><li><strong>Internet Explorer. Versi\u00f3n 11<\/strong><\/li><\/ul><ol><li>Selecciona Herramientas | Opciones de Internet.<\/li><li>Haz clic en la ficha General.<\/li><li>En la secci\u00f3n \u00abHistorial de exploraci\u00f3n\u00bb, haz clic en Eliminar el historial de exploraci\u00f3n al salir.<\/li><li>Seleccionar Eliminar archivos.<\/li><li>Seleccionar Eliminar cookies.<\/li><li>Haz clic en Eliminar.<\/li><li>Haz clic en Aceptar.<\/li><li>Cierra y reinicia el navegador.<\/li><\/ol><p>Para m\u00e1s informaci\u00f3n sobre Internet Explorer pulse aqu\u00ed:<\/p><p>https:\/\/support.microsoft.com\/es-es\/help\/278835\/how-to-delete-cookie-files-in-internet-explorer<\/p><p><strong>\u00a0<\/strong><\/p><ul><li><strong>Versi\u00f3n 65.0.1<\/strong><\/li><\/ul><ol><li>Selecciona Firefox | Historial | Limpiar el historial reciente.<\/li><li>Al lado de \u00abDetalles\u00bb, haz clic en la flecha hacia abajo.<\/li><li>Selecciona las siguientes casillas de verificaci\u00f3n: Cookies, Cach\u00e9, Inicios de sesi\u00f3n activos<\/li><li>Usando el \u00abIntervalo de tiempo para borrar\u00bb en el men\u00fa desplegable, selecciona Todo.<\/li><li>Haz clic en Borrar ahora.<\/li><li>Cierra y reinicia el navegador.<\/li><\/ol><p>Puede aceptar o rechazar las cookies individualmente en las Preferencias de Firefox, en la secci\u00f3n Historial disponible en<\/p><p>Herramientas &gt; Opciones &gt; Privacidad.<\/p><p>Para m\u00e1s informaci\u00f3n sobre Mozilla Firefox pulse aqu\u00ed:\u00a0<a href=\"https:\/\/www.mozilla.org\/es-ES\/privacy\/websites\/#cookies\">https:\/\/www.mozilla.org\/es-ES\/privacy\/websites\/#cookies<\/a><\/p><ul><li><strong>Safari Versi\u00f3n 5.1<\/strong><\/li><\/ul><ol><li>Selecciona el icono de Safari \/ Editar | Restaurar Safari.<\/li><li>Selecciona las siguientes casillas de verificaci\u00f3n: Borrar el historial, Eliminar todos los datos de sitio web<\/li><li>Haz clic en Restablecer.<\/li><li>Cierra y reinicia el navegador.<\/li><\/ol><p>Para m\u00e1s informaci\u00f3n sobre Safari pulse aqu\u00ed: https:\/\/support.apple.com\/es-es\/guide\/safari\/sfri11471\/mac<\/p><p><strong>\u00a0<\/strong><\/p><ul><li><strong>Opera<\/strong><\/li><\/ul><p>Opciones \u2013 Avanzado \u2013 Cookies.<\/p><p>Las opciones de cookies controlan el modo en que Opera los maneja y por lo tanto su aceptaci\u00f3n o rechazo.<\/p><p>Para m\u00e1s informaci\u00f3n sobre Opera pulse aqu\u00ed: https:\/\/help.opera.com\/en\/latest\/security-and-privacy\/#clearBrowsingData<\/p><p><strong>\u00a0<\/strong><\/p><ul><li><strong>Otros navegadores<\/strong><\/li><\/ul><p>Consulte la documentaci\u00f3n del navegador que tenga instalado.<\/p><ul><li><strong>Cookies en los dispositivos m\u00f3viles<\/strong><\/li><\/ul><p>Este sitio web tambi\u00e9n usa cookies u otros dispositivos de almacenamiento en dispositivos m\u00f3viles. En este caso, los navegadores de los dispositivos m\u00f3viles permiten configurar las opciones o ajustes de privacidad para desactivar o eliminar las cookies.<\/p><p>Si desea modificar las opciones de privacidad siga las instrucciones especificadas por el desarrollador de su navegador para dispositivo m\u00f3vil.<\/p><p>Asimismo, a continuaci\u00f3n, podr\u00e1 encontrar algunos ejemplos de los links que le guiar\u00e1n para modificar las opciones de privacidad en su dispositivo m\u00f3vil:<\/p><ul><li><strong>IOS:<\/strong>\u00a0(<a href=\"https:\/\/apple.co\/29IEBKS\">https:\/\/apple.co\/29IEBKS<\/a>)<\/li><li><strong>Windows Phone:<\/strong>\u00a0(<a href=\"https:\/\/bit.ly\/1ReUSyY\">https:\/\/bit.ly\/1ReUSyY<\/a>)<\/li><li><strong>Chrome Mobile:<\/strong>\u00a0(<a href=\"https:\/\/bit.ly\/2Y8lDVS\">https:\/\/bit.ly\/2Y8lDVS<\/a>)<\/li><li><strong>Opera Mobile:<\/strong>\u00a0(<a href=\"https:\/\/bit.ly\/2LBYFN7\">https:\/\/bit.ly\/2LBYFN7<\/a>)<\/li><\/ul>\t\t\t\t\t\t\t\t<\/div>\n\t\t\t\t\t<\/div>\n\t\t\t\t<\/div>\n\t\t\t\t<\/div>\n\t\t","protected":false},"excerpt":{"rendered":"<p>Informaci\u00f3n en cumplimiento de la normativa de protecci\u00f3n de datos personales \u00a0 \u00bfQu\u00e9 son las cookies y para qu\u00e9 las usamos? Una\u00a0cookie\u00a0o galleta inform\u00e1tica es un peque\u00f1o archivo de informaci\u00f3n que se guarda en su navegador cada vez que visita nuestra p\u00e1gina web. La utilidad de las cookies es guardar el historial de su actividad [&hellip;]<\/p>\n","protected":false},"author":1,"featured_media":0,"parent":0,"menu_order":0,"comment_status":"closed","ping_status":"closed","template":"","meta":{"inline_featured_image":false,"footnotes":""},"class_list":["post-860","page","type-page","status-publish","hentry"],"yoast_head":"<!-- This site is optimized with the Yoast SEO plugin v27.4 - https:\/\/yoast.com\/product\/yoast-seo-wordpress\/ -->\n<title>Pol\u00edtica de cookies - Aprem<\/title>\n<meta name=\"robots\" content=\"index, follow, max-snippet:-1, max-image-preview:large, max-video-preview:-1\" \/>\n<link rel=\"canonical\" href=\"https:\/\/aprem-e.org\/index.php\/politica-de-cookies\/\" \/>\n<meta property=\"og:locale\" content=\"es_ES\" \/>\n<meta property=\"og:type\" content=\"article\" \/>\n<meta property=\"og:title\" content=\"Pol\u00edtica de cookies - Aprem\" \/>\n<meta property=\"og:description\" content=\"Informaci\u00f3n en cumplimiento de la normativa de protecci\u00f3n de datos personales \u00a0 \u00bfQu\u00e9 son las cookies y para qu\u00e9 las usamos? Una\u00a0cookie\u00a0o galleta inform\u00e1tica es un peque\u00f1o archivo de informaci\u00f3n que se guarda en su navegador cada vez que visita nuestra p\u00e1gina web. La utilidad de las cookies es guardar el historial de su actividad [&hellip;]\" \/>\n<meta property=\"og:url\" content=\"https:\/\/aprem-e.org\/index.php\/politica-de-cookies\/\" \/>\n<meta property=\"og:site_name\" content=\"Aprem\" \/>\n<meta property=\"article:modified_time\" content=\"2026-01-27T02:30:28+00:00\" \/>\n<meta name=\"twitter:card\" content=\"summary_large_image\" \/>\n<meta name=\"twitter:label1\" content=\"Tiempo de lectura\" \/>\n\t<meta name=\"twitter:data1\" content=\"7 minutos\" \/>\n<script type=\"application\/ld+json\" class=\"yoast-schema-graph\">{\"@context\":\"https:\\\/\\\/schema.org\",\"@graph\":[{\"@type\":\"WebPage\",\"@id\":\"https:\\\/\\\/aprem-e.org\\\/index.php\\\/politica-de-cookies\\\/\",\"url\":\"https:\\\/\\\/aprem-e.org\\\/index.php\\\/politica-de-cookies\\\/\",\"name\":\"Pol\u00edtica de cookies - Aprem\",\"isPartOf\":{\"@id\":\"https:\\\/\\\/aprem-e.org\\\/#website\"},\"datePublished\":\"2026-01-27T02:27:16+00:00\",\"dateModified\":\"2026-01-27T02:30:28+00:00\",\"breadcrumb\":{\"@id\":\"https:\\\/\\\/aprem-e.org\\\/index.php\\\/politica-de-cookies\\\/#breadcrumb\"},\"inLanguage\":\"es\",\"potentialAction\":[{\"@type\":\"ReadAction\",\"target\":[\"https:\\\/\\\/aprem-e.org\\\/index.php\\\/politica-de-cookies\\\/\"]}]},{\"@type\":\"BreadcrumbList\",\"@id\":\"https:\\\/\\\/aprem-e.org\\\/index.php\\\/politica-de-cookies\\\/#breadcrumb\",\"itemListElement\":[{\"@type\":\"ListItem\",\"position\":1,\"name\":\"Home\",\"item\":\"https:\\\/\\\/aprem-e.org\\\/\"},{\"@type\":\"ListItem\",\"position\":2,\"name\":\"Pol\u00edtica de cookies\"}]},{\"@type\":\"WebSite\",\"@id\":\"https:\\\/\\\/aprem-e.org\\\/#website\",\"url\":\"https:\\\/\\\/aprem-e.org\\\/\",\"name\":\"Aprem\",\"description\":\"Asociaci\u00f3n de Padres de Ni\u00f1os Prematuros\",\"publisher\":{\"@id\":\"https:\\\/\\\/aprem-e.org\\\/#organization\"},\"potentialAction\":[{\"@type\":\"SearchAction\",\"target\":{\"@type\":\"EntryPoint\",\"urlTemplate\":\"https:\\\/\\\/aprem-e.org\\\/?s={search_term_string}\"},\"query-input\":{\"@type\":\"PropertyValueSpecification\",\"valueRequired\":true,\"valueName\":\"search_term_string\"}}],\"inLanguage\":\"es\"},{\"@type\":\"Organization\",\"@id\":\"https:\\\/\\\/aprem-e.org\\\/#organization\",\"name\":\"Aprem\",\"url\":\"https:\\\/\\\/aprem-e.org\\\/\",\"logo\":{\"@type\":\"ImageObject\",\"inLanguage\":\"es\",\"@id\":\"https:\\\/\\\/aprem-e.org\\\/#\\\/schema\\\/logo\\\/image\\\/\",\"url\":\"https:\\\/\\\/aprem-e.org\\\/wp-content\\\/uploads\\\/2025\\\/09\\\/cropped-Logo-APREM_M1.png\",\"contentUrl\":\"https:\\\/\\\/aprem-e.org\\\/wp-content\\\/uploads\\\/2025\\\/09\\\/cropped-Logo-APREM_M1.png\",\"width\":512,\"height\":512,\"caption\":\"Aprem\"},\"image\":{\"@id\":\"https:\\\/\\\/aprem-e.org\\\/#\\\/schema\\\/logo\\\/image\\\/\"}}]}<\/script>\n<!-- \/ Yoast SEO plugin. -->","yoast_head_json":{"title":"Pol\u00edtica de cookies - Aprem","robots":{"index":"index","follow":"follow","max-snippet":"max-snippet:-1","max-image-preview":"max-image-preview:large","max-video-preview":"max-video-preview:-1"},"canonical":"https:\/\/aprem-e.org\/index.php\/politica-de-cookies\/","og_locale":"es_ES","og_type":"article","og_title":"Pol\u00edtica de cookies - Aprem","og_description":"Informaci\u00f3n en cumplimiento de la normativa de protecci\u00f3n de datos personales \u00a0 \u00bfQu\u00e9 son las cookies y para qu\u00e9 las usamos? Una\u00a0cookie\u00a0o galleta inform\u00e1tica es un peque\u00f1o archivo de informaci\u00f3n que se guarda en su navegador cada vez que visita nuestra p\u00e1gina web. La utilidad de las cookies es guardar el historial de su actividad [&hellip;]","og_url":"https:\/\/aprem-e.org\/index.php\/politica-de-cookies\/","og_site_name":"Aprem","article_modified_time":"2026-01-27T02:30:28+00:00","twitter_card":"summary_large_image","twitter_misc":{"Tiempo de lectura":"7 minutos"},"schema":{"@context":"https:\/\/schema.org","@graph":[{"@type":"WebPage","@id":"https:\/\/aprem-e.org\/index.php\/politica-de-cookies\/","url":"https:\/\/aprem-e.org\/index.php\/politica-de-cookies\/","name":"Pol\u00edtica de cookies - Aprem","isPartOf":{"@id":"https:\/\/aprem-e.org\/#website"},"datePublished":"2026-01-27T02:27:16+00:00","dateModified":"2026-01-27T02:30:28+00:00","breadcrumb":{"@id":"https:\/\/aprem-e.org\/index.php\/politica-de-cookies\/#breadcrumb"},"inLanguage":"es","potentialAction":[{"@type":"ReadAction","target":["https:\/\/aprem-e.org\/index.php\/politica-de-cookies\/"]}]},{"@type":"BreadcrumbList","@id":"https:\/\/aprem-e.org\/index.php\/politica-de-cookies\/#breadcrumb","itemListElement":[{"@type":"ListItem","position":1,"name":"Home","item":"https:\/\/aprem-e.org\/"},{"@type":"ListItem","position":2,"name":"Pol\u00edtica de cookies"}]},{"@type":"WebSite","@id":"https:\/\/aprem-e.org\/#website","url":"https:\/\/aprem-e.org\/","name":"Aprem","description":"Asociaci\u00f3n de Padres de Ni\u00f1os Prematuros","publisher":{"@id":"https:\/\/aprem-e.org\/#organization"},"potentialAction":[{"@type":"SearchAction","target":{"@type":"EntryPoint","urlTemplate":"https:\/\/aprem-e.org\/?s={search_term_string}"},"query-input":{"@type":"PropertyValueSpecification","valueRequired":true,"valueName":"search_term_string"}}],"inLanguage":"es"},{"@type":"Organization","@id":"https:\/\/aprem-e.org\/#organization","name":"Aprem","url":"https:\/\/aprem-e.org\/","logo":{"@type":"ImageObject","inLanguage":"es","@id":"https:\/\/aprem-e.org\/#\/schema\/logo\/image\/","url":"https:\/\/aprem-e.org\/wp-content\/uploads\/2025\/09\/cropped-Logo-APREM_M1.png","contentUrl":"https:\/\/aprem-e.org\/wp-content\/uploads\/2025\/09\/cropped-Logo-APREM_M1.png","width":512,"height":512,"caption":"Aprem"},"image":{"@id":"https:\/\/aprem-e.org\/#\/schema\/logo\/image\/"}}]}},"_links":{"self":[{"href":"https:\/\/aprem-e.org\/index.php\/wp-json\/wp\/v2\/pages\/860","targetHints":{"allow":["GET"]}}],"collection":[{"href":"https:\/\/aprem-e.org\/index.php\/wp-json\/wp\/v2\/pages"}],"about":[{"href":"https:\/\/aprem-e.org\/index.php\/wp-json\/wp\/v2\/types\/page"}],"author":[{"embeddable":true,"href":"https:\/\/aprem-e.org\/index.php\/wp-json\/wp\/v2\/users\/1"}],"replies":[{"embeddable":true,"href":"https:\/\/aprem-e.org\/index.php\/wp-json\/wp\/v2\/comments?post=860"}],"version-history":[{"count":4,"href":"https:\/\/aprem-e.org\/index.php\/wp-json\/wp\/v2\/pages\/860\/revisions"}],"predecessor-version":[{"id":865,"href":"https:\/\/aprem-e.org\/index.php\/wp-json\/wp\/v2\/pages\/860\/revisions\/865"}],"wp:attachment":[{"href":"https:\/\/aprem-e.org\/index.php\/wp-json\/wp\/v2\/media?parent=860"}],"curies":[{"name":"wp","href":"https:\/\/api.w.org\/{rel}","templated":true}]}}